{"id":867,"date":"2019-03-24T05:07:37","date_gmt":"2019-03-24T05:07:37","guid":{"rendered":"https:\/\/www.proyectoglobal.org\/?page_id=867"},"modified":"2019-12-07T04:16:35","modified_gmt":"2019-12-07T04:16:35","slug":"aviacion","status":"publish","type":"page","link":"https:\/\/www.proyectoglobal.org\/es\/aviacion\/","title":{"rendered":"AVIACION"},"content":{"rendered":"\t\t<div data-elementor-type=\"post\" data-elementor-id=\"867\" class=\"elementor elementor-867\" data-elementor-settings=\"[]\">\n\t\t\t<div class=\"elementor-inner\">\n\t\t\t\t<div class=\"elementor-section-wrap\">\n\t\t\t\t\t\t\t<section class=\"elementor-element elementor-element-1785bbf elementor-section-boxed elementor-section-height-default elementor-section-height-default elementor-section elementor-top-section\" data-id=\"1785bbf\" data-element_type=\"section\" data-settings=\"{&quot;background_background&quot;:&quot;classic&quot;}\">\n\t\t\t\t\t\t\t<div class=\"elementor-background-overlay\"><\/div>\n\t\t\t\t\t\t\t<div class=\"elementor-container elementor-column-gap-default\">\n\t\t\t\t<div class=\"elementor-row\">\n\t\t\t\t<div class=\"elementor-element elementor-element-5e1f694 elementor-column elementor-col-100 elementor-top-column\" data-id=\"5e1f694\" data-element_type=\"column\">\n\t\t\t<div class=\"elementor-column-wrap  elementor-element-populated\">\n\t\t\t\t\t<div class=\"elementor-widget-wrap\">\n\t\t\t\t<div class=\"elementor-element elementor-element-3b96b3b elementor-widget elementor-widget-spacer\" data-id=\"3b96b3b\" data-element_type=\"widget\" data-widget_type=\"spacer.default\">\n\t\t\t\t<div class=\"elementor-widget-container\">\n\t\t\t\t\t<div class=\"elementor-spacer\">\n\t\t\t<div class=\"elementor-spacer-inner\"><\/div>\n\t\t<\/div>\n\t\t\t\t<\/div>\n\t\t\t\t<\/div>\n\t\t\t\t<div class=\"elementor-element elementor-element-ea8bf78 elementor-widget elementor-widget-heading\" data-id=\"ea8bf78\" data-element_type=\"widget\" data-widget_type=\"heading.default\">\n\t\t\t\t<div class=\"elementor-widget-container\">\n\t\t\t<h2 class=\"elementor-heading-title elementor-size-default\">AVIACION<\/h2>\t\t<\/div>\n\t\t\t\t<\/div>\n\t\t\t\t<div class=\"elementor-element elementor-element-b10cbad elementor-align-center elementor-widget elementor-widget-button\" data-id=\"b10cbad\" data-element_type=\"widget\" data-widget_type=\"button.default\">\n\t\t\t\t<div class=\"elementor-widget-container\">\n\t\t\t\t\t<div class=\"elementor-button-wrapper\">\n\t\t\t<a href=\"https:\/\/www.proyectoglobal.org\/aviation\/\" class=\"elementor-button-link elementor-button elementor-size-md elementor-animation-pulse\" role=\"button\">\n\t\t\t\t\t\t<span class=\"elementor-button-content-wrapper\">\n\t\t\t\t\t\t<span class=\"elementor-button-text\">ENGLISH<\/span>\n\t\t<\/span>\n\t\t\t\t\t<\/a>\n\t\t<\/div>\n\t\t\t\t<\/div>\n\t\t\t\t<\/div>\n\t\t\t\t<div class=\"elementor-element elementor-element-b712380 elementor-widget elementor-widget-spacer\" data-id=\"b712380\" data-element_type=\"widget\" data-widget_type=\"spacer.default\">\n\t\t\t\t<div class=\"elementor-widget-container\">\n\t\t\t\t\t<div class=\"elementor-spacer\">\n\t\t\t<div class=\"elementor-spacer-inner\"><\/div>\n\t\t<\/div>\n\t\t\t\t<\/div>\n\t\t\t\t<\/div>\n\t\t\t\t\t\t<\/div>\n\t\t\t<\/div>\n\t\t<\/div>\n\t\t\t\t\t\t<\/div>\n\t\t\t<\/div>\n\t\t<\/section>\n\t\t\t\t<section class=\"elementor-element elementor-element-37565b7 elementor-section-boxed elementor-section-height-default elementor-section-height-default elementor-section elementor-top-section\" data-id=\"37565b7\" data-element_type=\"section\">\n\t\t\t\t\t\t<div class=\"elementor-container elementor-column-gap-default\">\n\t\t\t\t<div class=\"elementor-row\">\n\t\t\t\t<div class=\"elementor-element elementor-element-14b4885 elementor-column elementor-col-100 elementor-top-column\" data-id=\"14b4885\" data-element_type=\"column\">\n\t\t\t<div class=\"elementor-column-wrap  elementor-element-populated\">\n\t\t\t\t\t<div class=\"elementor-widget-wrap\">\n\t\t\t\t<div class=\"elementor-element elementor-element-ce2e149 elementor-widget elementor-widget-spacer\" data-id=\"ce2e149\" data-element_type=\"widget\" data-widget_type=\"spacer.default\">\n\t\t\t\t<div class=\"elementor-widget-container\">\n\t\t\t\t\t<div class=\"elementor-spacer\">\n\t\t\t<div class=\"elementor-spacer-inner\"><\/div>\n\t\t<\/div>\n\t\t\t\t<\/div>\n\t\t\t\t<\/div>\n\t\t\t\t\t\t<\/div>\n\t\t\t<\/div>\n\t\t<\/div>\n\t\t\t\t\t\t<\/div>\n\t\t\t<\/div>\n\t\t<\/section>\n\t\t\t\t<section class=\"elementor-element elementor-element-23f61c2 elementor-section-boxed elementor-section-height-default elementor-section-height-default elementor-section elementor-top-section\" data-id=\"23f61c2\" data-element_type=\"section\">\n\t\t\t\t\t\t<div class=\"elementor-container elementor-column-gap-default\">\n\t\t\t\t<div class=\"elementor-row\">\n\t\t\t\t<div class=\"elementor-element elementor-element-f201d8e elementor-column elementor-col-100 elementor-top-column\" data-id=\"f201d8e\" data-element_type=\"column\">\n\t\t\t<div class=\"elementor-column-wrap  elementor-element-populated\">\n\t\t\t\t\t<div class=\"elementor-widget-wrap\">\n\t\t\t\t<div class=\"elementor-element elementor-element-d3185e7 elementor-widget elementor-widget-heading\" data-id=\"d3185e7\" data-element_type=\"widget\" data-widget_type=\"heading.default\">\n\t\t\t\t<div class=\"elementor-widget-container\">\n\t\t\t<h2 class=\"elementor-heading-title elementor-size-default\">Sobre Aviacion <\/h2>\t\t<\/div>\n\t\t\t\t<\/div>\n\t\t\t\t<div class=\"elementor-element elementor-element-5bac967 elementor-widget elementor-widget-text-editor\" data-id=\"5bac967\" data-element_type=\"widget\" data-widget_type=\"text-editor.default\">\n\t\t\t\t<div class=\"elementor-widget-container\">\n\t\t\t\t\t<div class=\"elementor-text-editor elementor-clearfix\"><p>Durante casi cincuenta a\u00f1os, no ha habido presencia de aviaci\u00f3n misionera espec\u00edficamente en las \u00e1reas del sur del territorio colombiano donde se encuentra la selva amaz\u00f3nica. Ir\u00f3nicamente, mientras el resto del mundo avanzaba, aqu\u00ed hemos retrocedido en t\u00e9rminos de aviaci\u00f3n general en esta regi\u00f3n. Desafortunadamente, la mayor\u00eda de las organizaciones de aviaci\u00f3n misionera, iglesias y misioneros se vieron obligados a abandonar estas \u00e1reas y eventualmente el propio pa\u00eds, debido a situaciones pol\u00edticas. Los que se quedaron, sacrificaron sus vidas haciendo lo que amaban, alcanzando a los perdidos.<\/p><p>Durante los \u00faltimos diez a\u00f1os, Proyecto Global ha estado trabajando arduamente para armar la historia de los \u00faltimos cincuenta a\u00f1os en referencia a la aviaci\u00f3n misionera en esta \u00e1rea. \u00a1Es evidente que la necesidad de este ministerio es grande, que tiene \u00e1reas m\u00e1s pobladas sin acceso a las Buenas Nuevas! Tambi\u00e9n nos hemos asociado con organizaciones, iglesias, personas, trabajando junto a las autoridades, capacitando y motivando a otros para que reactivemos y continuemos el trabajo que se inici\u00f3 hace muchas d\u00e9cadas.<\/p><p>Despu\u00e9s de a\u00f1os de investigaci\u00f3n y trabajo, \u00a1tenemos noticias muy emocionantes! \u00a1Hoy contamos con m\u00e1s tecnolog\u00eda, herramientas y personas equipadas, dispuestas y listas para ser parte de esta gran tarea, creemos que ahora es el momento de actuar! Este gran trabajo nos permitir\u00e1 ser m\u00e1s efectivos en el cumplimiento de la Gran Comisi\u00f3n.<\/p><p>Solos, nosotros nunca podremos hacer todo esto. Es debido a usted y su alianza con nosotros que esto ha sido posible hasta ahora. Por eso, les damos las gracias! Y no habr\u00e1 diferencia al avanzar. \u00a1\u00a1Te necesitamos!! Hay diferentes maneras de involucrarse. \u00bfTe unir\u00edas? Si est\u00e1 moviendo la cabeza, s\u00ed, te decimos &#8230; \u00a1Bienvenido al equipo!<\/p><p>Para obtener m\u00e1s informaci\u00f3n sobre las formas de conectarse y apoyar esta visi\u00f3n, por favor visite nuestra p\u00e1gina de alianzas o cont\u00e1ctenos a info@proyectoglobal.org <\/p><\/div>\n\t\t\t\t<\/div>\n\t\t\t\t<\/div>\n\t\t\t\t\t\t<\/div>\n\t\t\t<\/div>\n\t\t<\/div>\n\t\t\t\t\t\t<\/div>\n\t\t\t<\/div>\n\t\t<\/section>\n\t\t\t\t<section class=\"elementor-element elementor-element-710a4ca elementor-section-boxed elementor-section-height-default elementor-section-height-default elementor-section elementor-top-section\" data-id=\"710a4ca\" data-element_type=\"section\">\n\t\t\t\t\t\t<div class=\"elementor-container elementor-column-gap-default\">\n\t\t\t\t<div class=\"elementor-row\">\n\t\t\t\t<div class=\"elementor-element elementor-element-cfa9d06 elementor-column elementor-col-100 elementor-top-column\" data-id=\"cfa9d06\" data-element_type=\"column\">\n\t\t\t<div class=\"elementor-column-wrap  elementor-element-populated\">\n\t\t\t\t\t<div class=\"elementor-widget-wrap\">\n\t\t\t\t<div class=\"elementor-element elementor-element-30f1711 elementor-widget elementor-widget-spacer\" data-id=\"30f1711\" data-element_type=\"widget\" data-widget_type=\"spacer.default\">\n\t\t\t\t<div class=\"elementor-widget-container\">\n\t\t\t\t\t<div class=\"elementor-spacer\">\n\t\t\t<div class=\"elementor-spacer-inner\"><\/div>\n\t\t<\/div>\n\t\t\t\t<\/div>\n\t\t\t\t<\/div>\n\t\t\t\t<div class=\"elementor-element elementor-element-54d05f5 elementor-aspect-ratio-169 elementor-widget elementor-widget-video\" data-id=\"54d05f5\" data-element_type=\"widget\" data-settings=\"{&quot;aspect_ratio&quot;:&quot;169&quot;}\" data-widget_type=\"video.default\">\n\t\t\t\t<div class=\"elementor-widget-container\">\n\t\t\t\t\t<div class=\"elementor-wrapper elementor-fit-aspect-ratio elementor-open-inline\">\n\t\t\t<iframe class=\"elementor-video-iframe\" allowfullscreen src=\"https:\/\/www.youtube.com\/embed\/_TPwTLxN0t4?feature=oembed&amp;autoplay=1&amp;start&amp;end&amp;wmode=opaque&amp;loop=0&amp;controls=1&amp;mute=0&amp;rel=0&amp;modestbranding=0\"><\/iframe>\t\t<\/div>\n\t\t\t\t<\/div>\n\t\t\t\t<\/div>\n\t\t\t\t\t\t<\/div>\n\t\t\t<\/div>\n\t\t<\/div>\n\t\t\t\t\t\t<\/div>\n\t\t\t<\/div>\n\t\t<\/section>\n\t\t\t\t<section class=\"elementor-element elementor-element-04c07a8 elementor-section-boxed elementor-section-height-default elementor-section-height-default elementor-section elementor-top-section\" data-id=\"04c07a8\" data-element_type=\"section\">\n\t\t\t\t\t\t<div class=\"elementor-container elementor-column-gap-default\">\n\t\t\t\t<div class=\"elementor-row\">\n\t\t\t\t<div class=\"elementor-element elementor-element-fdba18e elementor-column elementor-col-100 elementor-top-column\" data-id=\"fdba18e\" data-element_type=\"column\">\n\t\t\t<div class=\"elementor-column-wrap  elementor-element-populated\">\n\t\t\t\t\t<div class=\"elementor-widget-wrap\">\n\t\t\t\t<section class=\"elementor-element elementor-element-73cdfa1 elementor-section-boxed elementor-section-height-default elementor-section-height-default elementor-section elementor-inner-section\" data-id=\"73cdfa1\" data-element_type=\"section\">\n\t\t\t\t\t\t<div class=\"elementor-container elementor-column-gap-default\">\n\t\t\t\t<div class=\"elementor-row\">\n\t\t\t\t<div class=\"elementor-element elementor-element-faa585a elementor-column elementor-col-50 elementor-inner-column\" data-id=\"faa585a\" data-element_type=\"column\">\n\t\t\t<div class=\"elementor-column-wrap  elementor-element-populated\">\n\t\t\t\t\t<div class=\"elementor-widget-wrap\">\n\t\t\t\t<div class=\"elementor-element elementor-element-af34522 elementor-widget elementor-widget-image\" data-id=\"af34522\" data-element_type=\"widget\" data-widget_type=\"image.default\">\n\t\t\t\t<div class=\"elementor-widget-container\">\n\t\t\t\t\t<div class=\"elementor-image\">\n\t\t\t\t\t\t\t\t\t\t<img width=\"300\" height=\"300\" src=\"https:\/\/www.proyectoglobal.org\/wp-content\/uploads\/2019\/03\/Logotipo-Marca-transparente-para-papel-oscuro-300x300.png\" class=\"attachment-medium size-medium\" alt=\"\" decoding=\"async\" loading=\"lazy\" srcset=\"https:\/\/www.proyectoglobal.org\/wp-content\/uploads\/2019\/03\/Logotipo-Marca-transparente-para-papel-oscuro-300x300.png 300w, https:\/\/www.proyectoglobal.org\/wp-content\/uploads\/2019\/03\/Logotipo-Marca-transparente-para-papel-oscuro-150x150.png 150w, https:\/\/www.proyectoglobal.org\/wp-content\/uploads\/2019\/03\/Logotipo-Marca-transparente-para-papel-oscuro-768x768.png 768w, https:\/\/www.proyectoglobal.org\/wp-content\/uploads\/2019\/03\/Logotipo-Marca-transparente-para-papel-oscuro-1024x1024.png 1024w\" sizes=\"(max-width: 300px) 100vw, 300px\" \/>\t\t\t\t\t\t\t\t\t\t\t<\/div>\n\t\t\t\t<\/div>\n\t\t\t\t<\/div>\n\t\t\t\t\t\t<\/div>\n\t\t\t<\/div>\n\t\t<\/div>\n\t\t\t\t<div class=\"elementor-element elementor-element-529639b elementor-column elementor-col-50 elementor-inner-column\" data-id=\"529639b\" data-element_type=\"column\">\n\t\t\t<div class=\"elementor-column-wrap  elementor-element-populated\">\n\t\t\t\t\t<div class=\"elementor-widget-wrap\">\n\t\t\t\t<div class=\"elementor-element elementor-element-accc0df elementor-widget elementor-widget-heading\" data-id=\"accc0df\" data-element_type=\"widget\" data-widget_type=\"heading.default\">\n\t\t\t\t<div class=\"elementor-widget-container\">\n\t\t\t<h2 class=\"elementor-heading-title elementor-size-default\">POSADA AVIATION<\/h2>\t\t<\/div>\n\t\t\t\t<\/div>\n\t\t\t\t<div class=\"elementor-element elementor-element-46024c6 elementor-widget elementor-widget-text-editor\" data-id=\"46024c6\" data-element_type=\"widget\" data-widget_type=\"text-editor.default\">\n\t\t\t\t<div class=\"elementor-widget-container\">\n\t\t\t\t\t<div class=\"elementor-text-editor elementor-clearfix\"><p><span style=\"font-family: Arial, sans-serif;\">At Posada Aviation, our aircraft maintenance and flight services are tailored to our customer&#8217;s individual needs. We have a passionate staff who promote and use aviation to glorify God by directing all efforts and benefits towards missionary work through Proyecto Global.<\/span><\/p><\/div>\n\t\t\t\t<\/div>\n\t\t\t\t<\/div>\n\t\t\t\t<div class=\"elementor-element elementor-element-2c14c5c elementor-align-center elementor-widget elementor-widget-button\" data-id=\"2c14c5c\" data-element_type=\"widget\" data-widget_type=\"button.default\">\n\t\t\t\t<div class=\"elementor-widget-container\">\n\t\t\t\t\t<div class=\"elementor-button-wrapper\">\n\t\t\t<a href=\"https:\/\/posadaaviation.com\/\" class=\"elementor-button-link elementor-button elementor-size-sm elementor-animation-pulse\" target=\"_blank\" role=\"button\">\n\t\t\t\t\t\t<span class=\"elementor-button-content-wrapper\">\n\t\t\t\t\t\t<span class=\"elementor-button-icon elementor-align-icon-left\">\n\t\t\t\t<i class=\"fa fa-plane\" aria-hidden=\"true\"><\/i>\n\t\t\t<\/span>\n\t\t\t\t\t\t<span class=\"elementor-button-text\">POSADA AVIATION<\/span>\n\t\t<\/span>\n\t\t\t\t\t<\/a>\n\t\t<\/div>\n\t\t\t\t<\/div>\n\t\t\t\t<\/div>\n\t\t\t\t\t\t<\/div>\n\t\t\t<\/div>\n\t\t<\/div>\n\t\t\t\t\t\t<\/div>\n\t\t\t<\/div>\n\t\t<\/section>\n\t\t\t\t\t\t<\/div>\n\t\t\t<\/div>\n\t\t<\/div>\n\t\t\t\t\t\t<\/div>\n\t\t\t<\/div>\n\t\t<\/section>\n\t\t\t\t\t\t<\/div>\n\t\t\t<\/div>\n\t\t<\/div>\n\t\t","protected":false},"excerpt":{"rendered":"<p>AVIACION ENGLISH Sobre Aviacion Durante casi cincuenta a\u00f1os, no ha habido presencia de aviaci\u00f3n misionera espec\u00edficamente en las \u00e1reas del sur del territorio colombiano donde se encuentra la selva amaz\u00f3nica. Ir\u00f3nicamente, mientras el resto del mundo avanzaba, aqu\u00ed hemos retrocedido en t\u00e9rminos de aviaci\u00f3n general en esta regi\u00f3n. Desafortunadamente, la mayor\u00eda de las organizaciones de &hellip;<\/p>\n<p class=\"read-more\"> <a class=\"\" href=\"https:\/\/www.proyectoglobal.org\/es\/aviacion\/\"> <span class=\"screen-reader-text\">AVIACION<\/span> Leer m\u00e1s &raquo;<\/a><\/p>\n","protected":false},"author":1,"featured_media":0,"parent":0,"menu_order":0,"comment_status":"closed","ping_status":"closed","template":"elementor_header_footer","meta":[],"uagb_featured_image_src":{"full":false,"thumbnail":false,"medium":false,"medium_large":false,"large":false,"1536x1536":false,"2048x2048":false},"uagb_author_info":{"display_name":"pryectoglobal","author_link":"https:\/\/www.proyectoglobal.org\/es\/author\/pryectoglobal\/"},"uagb_comment_info":0,"uagb_excerpt":"AVIACION ENGLISH Sobre Aviacion Durante casi cincuenta a\u00f1os, no ha habido presencia de aviaci\u00f3n misionera espec\u00edficamente en las \u00e1reas del sur del territorio colombiano donde se encuentra la selva amaz\u00f3nica. Ir\u00f3nicamente, mientras el resto del mundo avanzaba, aqu\u00ed hemos retrocedido en t\u00e9rminos de aviaci\u00f3n general en esta regi\u00f3n. Desafortunadamente, la mayor\u00eda de las organizaciones de&hellip;","_links":{"self":[{"href":"https:\/\/www.proyectoglobal.org\/es\/wp-json\/wp\/v2\/pages\/867"}],"collection":[{"href":"https:\/\/www.proyectoglobal.org\/es\/wp-json\/wp\/v2\/pages"}],"about":[{"href":"https:\/\/www.proyectoglobal.org\/es\/wp-json\/wp\/v2\/types\/page"}],"author":[{"embeddable":true,"href":"https:\/\/www.proyectoglobal.org\/es\/wp-json\/wp\/v2\/users\/1"}],"replies":[{"embeddable":true,"href":"https:\/\/www.proyectoglobal.org\/es\/wp-json\/wp\/v2\/comments?post=867"}],"version-history":[{"count":12,"href":"https:\/\/www.proyectoglobal.org\/es\/wp-json\/wp\/v2\/pages\/867\/revisions"}],"predecessor-version":[{"id":939,"href":"https:\/\/www.proyectoglobal.org\/es\/wp-json\/wp\/v2\/pages\/867\/revisions\/939"}],"wp:attachment":[{"href":"https:\/\/www.proyectoglobal.org\/es\/wp-json\/wp\/v2\/media?parent=867"}],"curies":[{"name":"wp","href":"https:\/\/api.w.org\/{rel}","templated":true}]}}