{"id":1007,"date":"2020-05-18T23:34:23","date_gmt":"2020-05-18T23:34:23","guid":{"rendered":"https:\/\/www.proyectoglobal.org\/?page_id=1007"},"modified":"2020-05-19T00:11:48","modified_gmt":"2020-05-19T00:11:48","slug":"respuestacovid","status":"publish","type":"page","link":"https:\/\/www.proyectoglobal.org\/es\/donar\/respuestacovid\/","title":{"rendered":"RESPUESTA COVID"},"content":{"rendered":"\t\t<div data-elementor-type=\"post\" data-elementor-id=\"1007\" class=\"elementor elementor-1007\" data-elementor-settings=\"[]\">\n\t\t\t<div class=\"elementor-inner\">\n\t\t\t\t<div class=\"elementor-section-wrap\">\n\t\t\t\t\t\t\t<section class=\"elementor-element elementor-element-0f11c14 elementor-section-boxed elementor-section-height-default elementor-section-height-default elementor-section elementor-top-section\" data-id=\"0f11c14\" data-element_type=\"section\">\n\t\t\t\t\t\t<div class=\"elementor-container elementor-column-gap-default\">\n\t\t\t\t<div class=\"elementor-row\">\n\t\t\t\t<div class=\"elementor-element elementor-element-092cde7 elementor-column elementor-col-33 elementor-top-column\" data-id=\"092cde7\" data-element_type=\"column\">\n\t\t\t<div class=\"elementor-column-wrap  elementor-element-populated\">\n\t\t\t\t\t<div class=\"elementor-widget-wrap\">\n\t\t\t\t<div class=\"elementor-element elementor-element-51751a0 elementor-widget elementor-widget-image\" data-id=\"51751a0\" data-element_type=\"widget\" data-widget_type=\"image.default\">\n\t\t\t\t<div class=\"elementor-widget-container\">\n\t\t\t\t\t<div class=\"elementor-image\">\n\t\t\t\t\t\t\t\t\t\t<img width=\"1024\" height=\"768\" src=\"https:\/\/www.proyectoglobal.org\/wp-content\/uploads\/2020\/05\/amazonas-desde-el-avion-amazon-from-the-airplane-1024x768.jpg\" class=\"attachment-large size-large\" alt=\"\" decoding=\"async\" loading=\"lazy\" srcset=\"https:\/\/www.proyectoglobal.org\/wp-content\/uploads\/2020\/05\/amazonas-desde-el-avion-amazon-from-the-airplane-1024x768.jpg 1024w, https:\/\/www.proyectoglobal.org\/wp-content\/uploads\/2020\/05\/amazonas-desde-el-avion-amazon-from-the-airplane-300x225.jpg 300w, https:\/\/www.proyectoglobal.org\/wp-content\/uploads\/2020\/05\/amazonas-desde-el-avion-amazon-from-the-airplane-768x576.jpg 768w, https:\/\/www.proyectoglobal.org\/wp-content\/uploads\/2020\/05\/amazonas-desde-el-avion-amazon-from-the-airplane-1536x1152.jpg 1536w, https:\/\/www.proyectoglobal.org\/wp-content\/uploads\/2020\/05\/amazonas-desde-el-avion-amazon-from-the-airplane-2048x1536.jpg 2048w\" sizes=\"(max-width: 1024px) 100vw, 1024px\" \/>\t\t\t\t\t\t\t\t\t\t\t<\/div>\n\t\t\t\t<\/div>\n\t\t\t\t<\/div>\n\t\t\t\t\t\t<\/div>\n\t\t\t<\/div>\n\t\t<\/div>\n\t\t\t\t<div class=\"elementor-element elementor-element-f18def7 elementor-column elementor-col-33 elementor-top-column\" data-id=\"f18def7\" data-element_type=\"column\">\n\t\t\t<div class=\"elementor-column-wrap  elementor-element-populated\">\n\t\t\t\t\t<div class=\"elementor-widget-wrap\">\n\t\t\t\t<div class=\"elementor-element elementor-element-095675e elementor-widget elementor-widget-image\" data-id=\"095675e\" data-element_type=\"widget\" data-widget_type=\"image.default\">\n\t\t\t\t<div class=\"elementor-widget-container\">\n\t\t\t\t\t<div class=\"elementor-image\">\n\t\t\t\t\t\t\t\t\t\t<img width=\"1024\" height=\"768\" src=\"https:\/\/www.proyectoglobal.org\/wp-content\/uploads\/2020\/05\/IMG_2821-1024x768.jpg\" class=\"attachment-large size-large\" alt=\"\" decoding=\"async\" loading=\"lazy\" srcset=\"https:\/\/www.proyectoglobal.org\/wp-content\/uploads\/2020\/05\/IMG_2821-1024x768.jpg 1024w, https:\/\/www.proyectoglobal.org\/wp-content\/uploads\/2020\/05\/IMG_2821-300x225.jpg 300w, https:\/\/www.proyectoglobal.org\/wp-content\/uploads\/2020\/05\/IMG_2821-768x576.jpg 768w, https:\/\/www.proyectoglobal.org\/wp-content\/uploads\/2020\/05\/IMG_2821-1536x1152.jpg 1536w, https:\/\/www.proyectoglobal.org\/wp-content\/uploads\/2020\/05\/IMG_2821-2048x1536.jpg 2048w\" sizes=\"(max-width: 1024px) 100vw, 1024px\" \/>\t\t\t\t\t\t\t\t\t\t\t<\/div>\n\t\t\t\t<\/div>\n\t\t\t\t<\/div>\n\t\t\t\t\t\t<\/div>\n\t\t\t<\/div>\n\t\t<\/div>\n\t\t\t\t<div class=\"elementor-element elementor-element-5a4fd74 elementor-column elementor-col-33 elementor-top-column\" data-id=\"5a4fd74\" data-element_type=\"column\">\n\t\t\t<div class=\"elementor-column-wrap  elementor-element-populated\">\n\t\t\t\t\t<div class=\"elementor-widget-wrap\">\n\t\t\t\t<div class=\"elementor-element elementor-element-f6a15bb elementor-widget elementor-widget-image\" data-id=\"f6a15bb\" data-element_type=\"widget\" data-widget_type=\"image.default\">\n\t\t\t\t<div class=\"elementor-widget-container\">\n\t\t\t\t\t<div class=\"elementor-image\">\n\t\t\t\t\t\t\t\t\t\t<img width=\"1024\" height=\"768\" src=\"https:\/\/www.proyectoglobal.org\/wp-content\/uploads\/2020\/05\/amazon-jungle-selva-amazonas-1024x768.jpg\" class=\"attachment-large size-large\" alt=\"\" decoding=\"async\" loading=\"lazy\" srcset=\"https:\/\/www.proyectoglobal.org\/wp-content\/uploads\/2020\/05\/amazon-jungle-selva-amazonas-1024x768.jpg 1024w, https:\/\/www.proyectoglobal.org\/wp-content\/uploads\/2020\/05\/amazon-jungle-selva-amazonas-300x225.jpg 300w, https:\/\/www.proyectoglobal.org\/wp-content\/uploads\/2020\/05\/amazon-jungle-selva-amazonas-768x576.jpg 768w, https:\/\/www.proyectoglobal.org\/wp-content\/uploads\/2020\/05\/amazon-jungle-selva-amazonas-1536x1152.jpg 1536w, https:\/\/www.proyectoglobal.org\/wp-content\/uploads\/2020\/05\/amazon-jungle-selva-amazonas-2048x1536.jpg 2048w\" sizes=\"(max-width: 1024px) 100vw, 1024px\" \/>\t\t\t\t\t\t\t\t\t\t\t<\/div>\n\t\t\t\t<\/div>\n\t\t\t\t<\/div>\n\t\t\t\t\t\t<\/div>\n\t\t\t<\/div>\n\t\t<\/div>\n\t\t\t\t\t\t<\/div>\n\t\t\t<\/div>\n\t\t<\/section>\n\t\t\t\t<section class=\"elementor-element elementor-element-98a7cd5 elementor-section-boxed elementor-section-height-default elementor-section-height-default elementor-section elementor-top-section\" data-id=\"98a7cd5\" data-element_type=\"section\">\n\t\t\t\t\t\t<div class=\"elementor-container elementor-column-gap-default\">\n\t\t\t\t<div class=\"elementor-row\">\n\t\t\t\t<div class=\"elementor-element elementor-element-ed2f781 elementor-column elementor-col-100 elementor-top-column\" data-id=\"ed2f781\" data-element_type=\"column\">\n\t\t\t<div class=\"elementor-column-wrap  elementor-element-populated\">\n\t\t\t\t\t<div class=\"elementor-widget-wrap\">\n\t\t\t\t<div class=\"elementor-element elementor-element-afc744c elementor-align-center elementor-widget elementor-widget-button\" data-id=\"afc744c\" data-element_type=\"widget\" data-widget_type=\"button.default\">\n\t\t\t\t<div class=\"elementor-widget-container\">\n\t\t\t\t\t<div class=\"elementor-button-wrapper\">\n\t\t\t<a href=\"https:\/\/www.proyectoglobal.org\/give\/covidrelief\/\" class=\"elementor-button-link elementor-button elementor-size-md\" role=\"button\">\n\t\t\t\t\t\t<span class=\"elementor-button-content-wrapper\">\n\t\t\t\t\t\t<span class=\"elementor-button-text\">ENGLISH<\/span>\n\t\t<\/span>\n\t\t\t\t\t<\/a>\n\t\t<\/div>\n\t\t\t\t<\/div>\n\t\t\t\t<\/div>\n\t\t\t\t<div class=\"elementor-element elementor-element-ac712fb elementor-position-top elementor-vertical-align-top elementor-widget elementor-widget-image-box\" data-id=\"ac712fb\" data-element_type=\"widget\" data-widget_type=\"image-box.default\">\n\t\t\t\t<div class=\"elementor-widget-container\">\n\t\t\t<div class=\"elementor-image-box-wrapper\"><div class=\"elementor-image-box-content\"><h2 class=\"elementor-image-box-title\">RESPUESTA COVID-19 Region Amazonas<br><\/h2><p class=\"elementor-image-box-description\">El 17 de abril de 2020, se inform\u00f3 el primer caso de COVID-19 en la Amazon\u00eda en territorio colombiano. Un mes despu\u00e9s ya ten\u00edamos m\u00e1s de 1,000 casos confirmados, 35 muertes confirmadas y otras 30 pendientes. Los n\u00fameros actualmente aumentan r\u00e1pidamente todos los d\u00edas. Con el aumento de los casos de Covid-19, el Amazonas se ha convertido en el estado del pa\u00eds con el mayor n\u00famero de casos por promedio de poblacion. Aunque los n\u00fameros son pocos en comparaci\u00f3n con otros pa\u00edses como Italia, Espa\u00f1a o incluso Estados Unidos, la situaci\u00f3n es extremadamente preocupante por varias razones: \n \n1. Leticia, capital del departamento del Amazonas en Colombia, sirve como centro de todas las ciudades, pueblos y comunidades para la atenci\u00f3n m\u00e9dica de toda esta selva. Contamos con  un hospital principal en muy malas condiciones, una cl\u00ednica privada y unos 10 puestos de salud que poco o nada preparado para atender en \u00e1reas remotas. Con  dificultades logramos tener un personal m\u00e9dico  de 300 personas para cubrir la necesidad de m\u00e1s de 80.000 habitantes.\n \n2. La segunda opci\u00f3n de servicio de salud est\u00e1 a m\u00e1s de 1.000 km de distancia, y cero carreteras para acceder. Sin servicio de aviaci\u00f3n general y ambulancias a\u00e9reas muy inconsistentes o casi inexistentes. Pr\u00e1cticamente Leticia es la \u00fanica opci\u00f3n para todo el departamento del Amazonas. Solo hay 10 camas de cuidado intensivo y ahora 10 ventiladores, de los cuales solo funcionan 3 al mismo tiempo por falta de una buena planta de ox\u00edgeno.\n \n3. Al estar ubicados en territorio fronterizo, tenemos \"ciudades gemelas\", Leticia (Colombia) y Tabatinga (Brasil). Esto, junto con algunos pueblos y ciudades cercanas, ha agregado m\u00e1s de 3,000 casos positivos de coronavirus y m\u00e1s de 400 muertes a los n\u00fameros citados anteriormente. El 50% de la poblaci\u00f3n de esta regi\u00f3n est\u00e1 compuesta por pueblos ind\u00edgenas, que debemos proteger. La ubicaci\u00f3n geogr\u00e1fica, la mala comunicaci\u00f3n y la mala administraci\u00f3n p\u00fablica, sin aviaci\u00f3n general o ambulancias a\u00e9reas disponibles, hacen que el aumento en el n\u00famero de casos sea devastador.\n \n4. Incluidos los dos pa\u00edses (Colombia y Brasil) en esta regi\u00f3n, el personal m\u00e9dico combinado no supera los 600 para atender a una poblaci\u00f3n de m\u00e1s de 160 mil habitantes. Esto es imposible en estas circunstancias. Todo el personal m\u00e9dico, los gobiernos locales, regionales y nacionales, as\u00ed como las empresas y organizaciones en esta regi\u00f3n, est\u00e1n ayudando enormemente, pero simplemente no es suficiente.\n \nEn respuesta a algunas de estas necesidades, nuestro equipo de Proyecto Global ha ayudado a la comunidad amaz\u00f3nica en general, en seguridad alimentaria, proporcionando m\u00e1s de 600 kilos de alimentos a las poblaciones donde los alimentos ya son escasos debido a restricciones de movilidad. Adem\u00e1s, estamos ayudando a proteger a la comunidad al proporcionar tapabocas, medicamentos, jabones, alcohol l\u00edquido y gel. Nos estamos asociando con las autoridades locales para atender a los necesitados.<br>\n\u00bfC\u00f3mo puedes ayudar? Al compartir esta informaci\u00f3n y donar, \u00a1todos podemos ser parte de este gran esfuerzo! Cada contribuci\u00f3n puede marcar la diferencia en la vida de muchos. El 100% de los fondos recaudados se destinan a esta causa. Adem\u00e1s, debido a que Proyecto Global es una organizaci\u00f3n sin fines de lucro, \u00a1su donaci\u00f3n es 100% deducible de impuestos!\n\nA medida que obtengamos m\u00e1s ayuda, podremos ayudar no solo a m\u00e1s personas en la comunidad, sino tambi\u00e9n al personal m\u00e9dico que no tiene todos los recursos necesarios para funcionar y los equipos personales para protegerse, lo cual es esencial para mantenerlos a salvo, por lo que a su vez pueden cuidar a los dem\u00e1s. \u00a1Por favor considere hacer una alianza con nosotros!\n<\/p><\/div><\/div>\t\t<\/div>\n\t\t\t\t<\/div>\n\t\t\t\t\t\t<\/div>\n\t\t\t<\/div>\n\t\t<\/div>\n\t\t\t\t\t\t<\/div>\n\t\t\t<\/div>\n\t\t<\/section>\n\t\t\t\t<section class=\"elementor-element elementor-element-ff284b3 elementor-section-boxed elementor-section-height-default elementor-section-height-default elementor-section elementor-top-section\" data-id=\"ff284b3\" data-element_type=\"section\" data-settings=\"{&quot;background_background&quot;:&quot;classic&quot;}\">\n\t\t\t\t\t\t<div class=\"elementor-container elementor-column-gap-default\">\n\t\t\t\t<div class=\"elementor-row\">\n\t\t\t\t<div class=\"elementor-element elementor-element-e57a807 elementor-column elementor-col-50 elementor-top-column\" data-id=\"e57a807\" data-element_type=\"column\">\n\t\t\t<div class=\"elementor-column-wrap  elementor-element-populated\">\n\t\t\t\t\t<div class=\"elementor-widget-wrap\">\n\t\t\t\t<div class=\"elementor-element elementor-element-f168adb animated-slow elementor-invisible elementor-widget elementor-widget-html\" data-id=\"f168adb\" data-element_type=\"widget\" data-settings=\"{&quot;_animation&quot;:&quot;bounce&quot;}\" data-widget_type=\"html.default\">\n\t\t\t\t<div class=\"elementor-widget-container\">\n\t\t\t<form action=\"https:\/\/www.paypal.com\/cgi-bin\/webscr\" method=\"post\" target=\"_top\">\n<input type=\"hidden\" name=\"cmd\" value=\"_s-xclick\" \/>\n<input type=\"hidden\" name=\"hosted_button_id\" value=\"7CFM5Y7DCYZXE\" \/>\n<input type=\"image\" src=\"https:\/\/www.paypalobjects.com\/en_US\/i\/btn\/btn_donateCC_LG.gif\" border=\"0\" name=\"submit\" title=\"PayPal - The safer, easier way to pay online!\" alt=\"Donate with PayPal button\" \/>\n<img decoding=\"async\" loading=\"lazy\" alt=\"\" border=\"0\" src=\"https:\/\/www.paypal.com\/en_US\/i\/scr\/pixel.gif\" width=\"1\" height=\"1\" \/>\n<\/form>\n\n\t\t<\/div>\n\t\t\t\t<\/div>\n\t\t\t\t<div class=\"elementor-element elementor-element-d7760d5 elementor-widget elementor-widget-spacer\" data-id=\"d7760d5\" data-element_type=\"widget\" data-widget_type=\"spacer.default\">\n\t\t\t\t<div class=\"elementor-widget-container\">\n\t\t\t\t\t<div class=\"elementor-spacer\">\n\t\t\t<div class=\"elementor-spacer-inner\"><\/div>\n\t\t<\/div>\n\t\t\t\t<\/div>\n\t\t\t\t<\/div>\n\t\t\t\t\t\t<\/div>\n\t\t\t<\/div>\n\t\t<\/div>\n\t\t\t\t<div class=\"elementor-element elementor-element-e67bb0d elementor-column elementor-col-50 elementor-top-column\" data-id=\"e67bb0d\" data-element_type=\"column\">\n\t\t\t<div class=\"elementor-column-wrap  elementor-element-populated\">\n\t\t\t\t\t<div class=\"elementor-widget-wrap\">\n\t\t\t\t<div class=\"elementor-element elementor-element-8ea7bed elementor-absolute elementor-widget elementor-widget-text-editor\" data-id=\"8ea7bed\" data-element_type=\"widget\" data-settings=\"{&quot;_position&quot;:&quot;absolute&quot;}\" data-widget_type=\"text-editor.default\">\n\t\t\t\t<div class=\"elementor-widget-container\">\n\t\t\t\t\t<div class=\"elementor-text-editor elementor-clearfix\"><p><b>Para donaciones en Colombia:<\/b><\/p><p>Fundacion Proyecto Global Inc :\u00a094474149433<\/p><h5>Bancolombia<\/h5><\/div>\n\t\t\t\t<\/div>\n\t\t\t\t<\/div>\n\t\t\t\t\t\t<\/div>\n\t\t\t<\/div>\n\t\t<\/div>\n\t\t\t\t\t\t<\/div>\n\t\t\t<\/div>\n\t\t<\/section>\n\t\t\t\t<section class=\"elementor-element elementor-element-cfe2a71 elementor-section-boxed elementor-section-height-default elementor-section-height-default elementor-section elementor-top-section\" data-id=\"cfe2a71\" data-element_type=\"section\">\n\t\t\t\t\t\t<div class=\"elementor-container elementor-column-gap-default\">\n\t\t\t\t<div class=\"elementor-row\">\n\t\t\t\t<div class=\"elementor-element elementor-element-2be6f87 elementor-column elementor-col-100 elementor-top-column\" data-id=\"2be6f87\" data-element_type=\"column\">\n\t\t\t<div class=\"elementor-column-wrap  elementor-element-populated\">\n\t\t\t\t\t<div class=\"elementor-widget-wrap\">\n\t\t\t\t<div class=\"elementor-element elementor-element-156fc7e elementor-widget elementor-widget-image-gallery\" data-id=\"156fc7e\" data-element_type=\"widget\" data-widget_type=\"image-gallery.default\">\n\t\t\t\t<div class=\"elementor-widget-container\">\n\t\t\t\t\t<div class=\"elementor-image-gallery\">\n\t\t\t<div id='gallery-1' class='gallery galleryid-1007 gallery-columns-4 gallery-size-thumbnail'><figure class='gallery-item'>\n\t\t\t<div class='gallery-icon landscape'>\n\t\t\t\t<a data-elementor-open-lightbox=\"default\" data-elementor-lightbox-slideshow=\"156fc7e\" href='https:\/\/www.proyectoglobal.org\/wp-content\/uploads\/2020\/05\/tuk-tuk-con-comida-tuk-tuk-with-food-scaled.jpg'><img width=\"150\" height=\"150\" src=\"https:\/\/www.proyectoglobal.org\/wp-content\/uploads\/2020\/05\/tuk-tuk-con-comida-tuk-tuk-with-food-150x150.jpg\" class=\"attachment-thumbnail size-thumbnail\" alt=\"\" decoding=\"async\" loading=\"lazy\" \/><\/a>\n\t\t\t<\/div><\/figure><figure class='gallery-item'>\n\t\t\t<div class='gallery-icon landscape'>\n\t\t\t\t<a data-elementor-open-lightbox=\"default\" data-elementor-lightbox-slideshow=\"156fc7e\" href='https:\/\/www.proyectoglobal.org\/wp-content\/uploads\/2020\/05\/sharing-food-compartiendo-comida-1.jpg'><img width=\"150\" height=\"150\" src=\"https:\/\/www.proyectoglobal.org\/wp-content\/uploads\/2020\/05\/sharing-food-compartiendo-comida-1-150x150.jpg\" class=\"attachment-thumbnail size-thumbnail\" alt=\"\" decoding=\"async\" loading=\"lazy\" \/><\/a>\n\t\t\t<\/div><\/figure><figure class='gallery-item'>\n\t\t\t<div class='gallery-icon landscape'>\n\t\t\t\t<a data-elementor-open-lightbox=\"default\" data-elementor-lightbox-slideshow=\"156fc7e\" href='https:\/\/www.proyectoglobal.org\/wp-content\/uploads\/2020\/05\/rio-atardecer-river-sunset-scaled.jpg'><img width=\"150\" height=\"150\" src=\"https:\/\/www.proyectoglobal.org\/wp-content\/uploads\/2020\/05\/rio-atardecer-river-sunset-150x150.jpg\" class=\"attachment-thumbnail size-thumbnail\" alt=\"\" decoding=\"async\" loading=\"lazy\" \/><\/a>\n\t\t\t<\/div><\/figure><figure class='gallery-item'>\n\t\t\t<div class='gallery-icon landscape'>\n\t\t\t\t<a data-elementor-open-lightbox=\"default\" data-elementor-lightbox-slideshow=\"156fc7e\" href='https:\/\/www.proyectoglobal.org\/wp-content\/uploads\/2020\/05\/food-donated-comida-donada-scaled.jpg'><img width=\"150\" height=\"150\" src=\"https:\/\/www.proyectoglobal.org\/wp-content\/uploads\/2020\/05\/food-donated-comida-donada-150x150.jpg\" class=\"attachment-thumbnail size-thumbnail\" alt=\"\" decoding=\"async\" loading=\"lazy\" \/><\/a>\n\t\t\t<\/div><\/figure><figure class='gallery-item'>\n\t\t\t<div class='gallery-icon landscape'>\n\t\t\t\t<a data-elementor-open-lightbox=\"default\" data-elementor-lightbox-slideshow=\"156fc7e\" href='https:\/\/www.proyectoglobal.org\/wp-content\/uploads\/2020\/05\/comida-y-bioseguridad-food-and-biosafety-scaled.jpg'><img width=\"150\" height=\"150\" src=\"https:\/\/www.proyectoglobal.org\/wp-content\/uploads\/2020\/05\/comida-y-bioseguridad-food-and-biosafety-150x150.jpg\" class=\"attachment-thumbnail size-thumbnail\" alt=\"\" decoding=\"async\" loading=\"lazy\" \/><\/a>\n\t\t\t<\/div><\/figure><figure class='gallery-item'>\n\t\t\t<div class='gallery-icon landscape'>\n\t\t\t\t<a data-elementor-open-lightbox=\"default\" data-elementor-lightbox-slideshow=\"156fc7e\" href='https:\/\/www.proyectoglobal.org\/wp-content\/uploads\/2020\/05\/donando-alimentos-donating-food.jpg'><img width=\"150\" height=\"150\" src=\"https:\/\/www.proyectoglobal.org\/wp-content\/uploads\/2020\/05\/donando-alimentos-donating-food-150x150.jpg\" class=\"attachment-thumbnail size-thumbnail\" alt=\"\" decoding=\"async\" loading=\"lazy\" \/><\/a>\n\t\t\t<\/div><\/figure><figure class='gallery-item'>\n\t\t\t<div class='gallery-icon landscape'>\n\t\t\t\t<a data-elementor-open-lightbox=\"default\" data-elementor-lightbox-slideshow=\"156fc7e\" href='https:\/\/www.proyectoglobal.org\/wp-content\/uploads\/2020\/05\/rio-amazonas-amazon-river-scaled.jpg'><img width=\"150\" height=\"150\" src=\"https:\/\/www.proyectoglobal.org\/wp-content\/uploads\/2020\/05\/rio-amazonas-amazon-river-150x150.jpg\" class=\"attachment-thumbnail size-thumbnail\" alt=\"\" decoding=\"async\" loading=\"lazy\" \/><\/a>\n\t\t\t<\/div><\/figure><figure class='gallery-item'>\n\t\t\t<div class='gallery-icon landscape'>\n\t\t\t\t<a data-elementor-open-lightbox=\"default\" data-elementor-lightbox-slideshow=\"156fc7e\" href='https:\/\/www.proyectoglobal.org\/wp-content\/uploads\/2020\/05\/IMG_2821-scaled.jpg'><img width=\"150\" height=\"150\" src=\"https:\/\/www.proyectoglobal.org\/wp-content\/uploads\/2020\/05\/IMG_2821-150x150.jpg\" class=\"attachment-thumbnail size-thumbnail\" alt=\"\" decoding=\"async\" loading=\"lazy\" \/><\/a>\n\t\t\t<\/div><\/figure>\n\t\t<\/div>\n\t\t<\/div>\n\t\t\t\t<\/div>\n\t\t\t\t<\/div>\n\t\t\t\t\t\t<\/div>\n\t\t\t<\/div>\n\t\t<\/div>\n\t\t\t\t\t\t<\/div>\n\t\t\t<\/div>\n\t\t<\/section>\n\t\t\t\t\t\t<\/div>\n\t\t\t<\/div>\n\t\t<\/div>\n\t\t","protected":false},"excerpt":{"rendered":"<p>ENGLISH RESPUESTA COVID-19 Region Amazonas El 17 de abril de 2020, se inform\u00f3 el primer caso de COVID-19 en la Amazon\u00eda en territorio colombiano. Un mes despu\u00e9s ya ten\u00edamos m\u00e1s de 1,000 casos confirmados, 35 muertes confirmadas y otras 30 pendientes. Los n\u00fameros actualmente aumentan r\u00e1pidamente todos los d\u00edas. Con el aumento de los casos &hellip;<\/p>\n<p class=\"read-more\"> <a class=\"\" href=\"https:\/\/www.proyectoglobal.org\/es\/donar\/respuestacovid\/\"> <span class=\"screen-reader-text\">RESPUESTA COVID<\/span> Leer m\u00e1s &raquo;<\/a><\/p>\n","protected":false},"author":1,"featured_media":0,"parent":958,"menu_order":0,"comment_status":"closed","ping_status":"closed","template":"elementor_header_footer","meta":[],"uagb_featured_image_src":{"full":false,"thumbnail":false,"medium":false,"medium_large":false,"large":false,"1536x1536":false,"2048x2048":false},"uagb_author_info":{"display_name":"pryectoglobal","author_link":"https:\/\/www.proyectoglobal.org\/es\/author\/pryectoglobal\/"},"uagb_comment_info":0,"uagb_excerpt":"ENGLISH RESPUESTA COVID-19 Region Amazonas El 17 de abril de 2020, se inform\u00f3 el primer caso de COVID-19 en la Amazon\u00eda en territorio colombiano. Un mes despu\u00e9s ya ten\u00edamos m\u00e1s de 1,000 casos confirmados, 35 muertes confirmadas y otras 30 pendientes. Los n\u00fameros actualmente aumentan r\u00e1pidamente todos los d\u00edas. Con el aumento de los casos&hellip;","_links":{"self":[{"href":"https:\/\/www.proyectoglobal.org\/es\/wp-json\/wp\/v2\/pages\/1007"}],"collection":[{"href":"https:\/\/www.proyectoglobal.org\/es\/wp-json\/wp\/v2\/pages"}],"about":[{"href":"https:\/\/www.proyectoglobal.org\/es\/wp-json\/wp\/v2\/types\/page"}],"author":[{"embeddable":true,"href":"https:\/\/www.proyectoglobal.org\/es\/wp-json\/wp\/v2\/users\/1"}],"replies":[{"embeddable":true,"href":"https:\/\/www.proyectoglobal.org\/es\/wp-json\/wp\/v2\/comments?post=1007"}],"version-history":[{"count":7,"href":"https:\/\/www.proyectoglobal.org\/es\/wp-json\/wp\/v2\/pages\/1007\/revisions"}],"predecessor-version":[{"id":1019,"href":"https:\/\/www.proyectoglobal.org\/es\/wp-json\/wp\/v2\/pages\/1007\/revisions\/1019"}],"up":[{"embeddable":true,"href":"https:\/\/www.proyectoglobal.org\/es\/wp-json\/wp\/v2\/pages\/958"}],"wp:attachment":[{"href":"https:\/\/www.proyectoglobal.org\/es\/wp-json\/wp\/v2\/media?parent=1007"}],"curies":[{"name":"wp","href":"https:\/\/api.w.org\/{rel}","templated":true}]}}